{"id":3042,"date":"2019-12-19T10:43:33","date_gmt":"2019-12-19T09:43:33","guid":{"rendered":"http:\/\/websynergie.fr\/sireau-peinture\/?page_id=3042"},"modified":"2021-03-03T08:57:40","modified_gmt":"2021-03-03T07:57:40","slug":"ravalement-de-facade","status":"publish","type":"page","link":"https:\/\/couleur-presquiles.fr\/?page_id=3042","title":{"rendered":"RAVALEMENT DE FA\u00c7ADE"},"content":{"rendered":"<p>[vc_row full_width=\u00a0\u00bbstretch_row\u00a0\u00bb background_color=\u00a0\u00bbcustom\u00a0\u00bb lg_spacing=\u00a0\u00bbmargin_bottom:30;padding_top:30&Prime; custom_background_color=\u00a0\u00bb#fbf7ee\u00a0\u00bb][vc_column width=\u00a0\u00bb1\/2&Prime;][vc_text_separator title=\u00a0\u00bbRavalement de fa\u00e7ade\u00a0\u00bb i_type=\u00a0\u00bbmaterial\u00a0\u00bb i_icon_material=\u00a0\u00bbvc-material vc-material-home\u00a0\u00bb i_color=\u00a0\u00bbwhite\u00a0\u00bb i_background_style=\u00a0\u00bbrounded\u00a0\u00bb i_background_color=\u00a0\u00bbcustom\u00a0\u00bb i_size=\u00a0\u00bbxs\u00a0\u00bb title_align=\u00a0\u00bbseparator_align_left\u00a0\u00bb color=\u00a0\u00bbcustom\u00a0\u00bb add_icon=\u00a0\u00bbtrue\u00a0\u00bb i_custom_background_color=\u00a0\u00bb#004d71&Prime; css=\u00a0\u00bb.vc_custom_1613754370290{margin-bottom: 20px !important;}\u00a0\u00bb accent_color=\u00a0\u00bb#f8aa00&Prime;][vc_column_text]<\/p>\n<p style=\"text-align: justify;\">\u00c0 Saint-Laurent-de-la-Pr\u00e9e, en Charente-Maritime, la soci\u00e9t\u00e9 <strong>Couleur Presqu&rsquo;Iles<\/strong> est sp\u00e9cialis\u00e9e dans les travaux de ravalement de fa\u00e7ade.<\/p>\n<p>Nous nous mettons au service des professionnels et des particuliers pour r\u00e9aliser divers travaux de ravalement de fa\u00e7ades allant de la peinture d\u00e9corative ext\u00e9rieure aux syst\u00e8me d&rsquo;imperm\u00e9abilit\u00e9. Nous pouvons vous conseiller \u00e9galement sur l&rsquo;entretien de votre fa\u00e7ade et le traitement de vos toitures.<\/p>\n<p style=\"text-align: justify;\"><strong><span style=\"color: #3d3d3f;\">Couleur Presqu\u2019Iles<\/span><\/strong> reste \u00e0 votre disposition pour tous renseignements compl\u00e9mentaires sur notre gamme de services.<br \/>\nNous contacter en <strong><a href=\"https:\/\/couleur-presquiles.fr\/?page_id=1025\">cliquant ici<\/a><\/strong>.<\/p>\n<p>[\/vc_column_text][tm_spacer size=\u00a0\u00bblg:20&Prime;][\/vc_column][vc_column width=\u00a0\u00bb1\/2&Prime;][tm_slider style=\u00a0\u00bb4&Prime; image_size=\u00a0\u00bbfull\u00a0\u00bb nav=\u00a0\u00bb1&Prime; pagination=\u00a0\u00bb1&Prime; gutter=\u00a0\u00bb30&Prime; fw_image=\u00a0\u00bb1&Prime; items=\u00a0\u00bb%5B%7B%22image%22%3A%224358%22%7D%2C%7B%22image%22%3A%224359%22%7D%2C%7B%22image%22%3A%224360%22%7D%2C%7B%22image%22%3A%224361%22%7D%5D\u00a0\u00bb auto_play=\u00a0\u00bb2000&Prime;][\/vc_column][\/vc_row][vc_row full_width=\u00a0\u00bbstretch_row\u00a0\u00bb background_color=\u00a0\u00bbcustom\u00a0\u00bb lg_spacing=\u00a0\u00bbmargin_bottom:40&Prime; custom_background_color=\u00a0\u00bb#fbf7ee\u00a0\u00bb][vc_column][vc_row_inner][vc_column_inner width=\u00a0\u00bb1\/3&Prime;][tm_heading custom_google_font=\u00a0\u00bb\u00a0\u00bb align=\u00a0\u00bbcenter\u00a0\u00bb text_color=\u00a0\u00bbcustom\u00a0\u00bb custom_text_color=\u00a0\u00bb#ffffff\u00a0\u00bb text=\u00a0\u00bbR\u00e9alisations sur-mesure\u00a0\u00bb font_size=\u00a0\u00bblg:20&Prime; css=\u00a0\u00bb.vc_custom_1613675497785{margin-bottom: 20px !important;padding-top: 5px !important;padding-bottom: 5px !important;background-color: #004d71 !important;}\u00a0\u00bb][tm_list list_style=\u00a0\u00bbcheck\u00a0\u00bb marker_background_color=\u00a0\u00bbcustom\u00a0\u00bb custom_marker_background_color=\u00a0\u00bb\u00a0\u00bb columns=\u00a0\u00bbxs:1;lg:1&Prime; items=\u00a0\u00bb%5B%7B%22item_title%22%3A%22Ravalement%20de%20fa%C3%A7ades%22%2C%22icon%22%3A%22ion-android-arrow-dropright%22%7D%2C%7B%22item_title%22%3A%22Travaux%20de%20peinture%20ext%C3%A9rieure%22%2C%22icon%22%3A%22ion-android-arrow-dropright%22%7D%2C%7B%22item_title%22%3A%22%20Peinture%20d%E2%80%99%C3%A9tanch%C3%A9it%C3%A9%22%2C%22icon%22%3A%22ion-android-arrow-dropright%22%7D%2C%7B%22item_title%22%3A%22Mise%20en%20peinture%20des%20fa%C3%A7ades%22%2C%22icon%22%3A%22ion-android-arrow-dropright%22%7D%2C%7B%22item_title%22%3A%22%20%C3%89tanch%C3%A9it%C3%A9%20de%20fa%C3%A7ades%22%2C%22icon%22%3A%22ion-android-arrow-dropright%22%7D%2C%7B%22item_title%22%3A%22Traitement%20antimousse%22%2C%22icon%22%3A%22ion-android-arrow-dropright%22%7D%2C%7B%22item_number%22%3A%22Rebouchage%20des%20fissures%22%2C%22item_title%22%3A%22Traitement%20antimousse%22%2C%22icon%22%3A%22ion-android-arrow-dropright%22%7D%5D\u00a0\u00bb heading_font_size=\u00a0\u00bblg:16&Prime; lg_spacing=\u00a0\u00bbborder_bottom:1&Prime;][\/vc_column_inner][vc_column_inner width=\u00a0\u00bb1\/3&Prime; custom_border_color=\u00a0\u00bb#dcddde\u00a0\u00bb lg_spacing=\u00a0\u00bbborder_top:2;border_right:2;border_bottom:2;border_left:2&Prime;][vc_cta h2=\u00a0\u00bbConseils personnalis\u00e9s\u00a0\u00bb h4=\u00a0\u00bbParticulier et professionnel\u00a0\u00bb color=\u00a0\u00bbblack\u00a0\u00bb add_button=\u00a0\u00bbbottom\u00a0\u00bb btn_title=\u00a0\u00bbCONTACTEZ-NOUS\u00a0\u00bb btn_color=\u00a0\u00bbwarning\u00a0\u00bb btn_i_icon_fontawesome=\u00a0\u00bbfar fa-edit\u00a0\u00bb btn_add_icon=\u00a0\u00bbtrue\u00a0\u00bb btn_link=\u00a0\u00bburl:https%3A%2F%2Fcouleur-presquiles.fr%2F%3Fpage_id%3D1025|title:DEVIS%20GRATUIT\u00a0\u00bb]<span style=\"color: #000000;\"><strong>L&rsquo;entreprise Couleur Presqu\u2019Iles<\/strong><\/span> reste \u00e0 votre disposition pour tous renseignements compl\u00e9mentaires sur notre gamme de services.[\/vc_cta][\/vc_column_inner][vc_column_inner width=\u00a0\u00bb1\/3&Prime;][tm_heading custom_google_font=\u00a0\u00bb\u00a0\u00bb align=\u00a0\u00bbcenter\u00a0\u00bb text_color=\u00a0\u00bbcustom\u00a0\u00bb custom_text_color=\u00a0\u00bb#ffffff\u00a0\u00bb text=\u00a0\u00bbServices +\u00a0\u00bb font_size=\u00a0\u00bblg:20&Prime; css=\u00a0\u00bb.vc_custom_1613675504387{margin-bottom: 20px !important;padding-top: 5px !important;padding-bottom: 5px !important;background-color: #004d71 !important;}\u00a0\u00bb][tm_list list_style=\u00a0\u00bbcheck\u00a0\u00bb marker_background_color=\u00a0\u00bbcustom\u00a0\u00bb custom_marker_background_color=\u00a0\u00bb\u00a0\u00bb columns=\u00a0\u00bbxs:1;lg:1&Prime; items=\u00a0\u00bb%5B%7B%22item_title%22%3A%22Design%20soign%C3%A9%22%2C%22icon%22%3A%22ion-android-arrow-dropright%22%7D%2C%7B%22item_title%22%3A%22Conseils%20personnalis%C3%A9s%22%2C%22icon%22%3A%22ion-android-arrow-dropright%22%7D%2C%7B%22item_title%22%3A%22Garantie%20d%C3%A9cennale%22%2C%22icon%22%3A%22ion-android-arrow-dropright%22%7D%2C%7B%22item_title%22%3A%22Optimisation%20de%20l%E2%80%99agencement%22%2C%22icon%22%3A%22ion-android-arrow-dropright%22%7D%2C%7B%22item_title%22%3A%22%C3%89CO%20Artisan%22%2C%22icon%22%3A%22ion-android-arrow-dropright%22%7D%2C%7B%22item_title%22%3A%22Particulier%20et%20professionnel%22%2C%22icon%22%3A%22ion-android-arrow-dropright%22%7D%2C%7B%22item_title%22%3A%22Devis%20gratuit%22%2C%22icon%22%3A%22ion-android-arrow-dropright%22%7D%5D\u00a0\u00bb heading_font_size=\u00a0\u00bblg:16&Prime; lg_spacing=\u00a0\u00bbborder_bottom:1&Prime;][\/vc_column_inner][\/vc_row_inner][\/vc_column][\/vc_row][vc_row full_width=\u00a0\u00bbstretch_row_content\u00a0\u00bb background_color=\u00a0\u00bbcustom\u00a0\u00bb custom_background_color=\u00a0\u00bb#fbf7ee\u00a0\u00bb lg_spacing=\u00a0\u00bbpadding_top:20;padding_bottom:20&Prime;][vc_column][tm_heading custom_google_font=\u00a0\u00bb1&Prime; google_fonts=\u00a0\u00bbfont_family:Merriweather%3A300%2C300italic%2Cregular%2Citalic%2C700%2C700italic%2C900%2C900italic|font_style:700%20bold%20regular%3A700%3Anormal\u00a0\u00bb align=\u00a0\u00bbcenter\u00a0\u00bb text_color=\u00a0\u00bbprimary\u00a0\u00bb animation=\u00a0\u00bbnone\u00a0\u00bb text=\u00a0\u00bbNOUS CONTACTER\u00a0\u00bb font_size=\u00a0\u00bbsm:15;md:15;lg:20&Prime; css=\u00a0\u00bb.vc_custom_1583170553590{padding-top: 7px !important;}\u00a0\u00bb][vc_row_inner][vc_column_inner width=\u00a0\u00bb1\/4&Prime;][\/vc_column_inner][vc_column_inner width=\u00a0\u00bb1\/4&Prime;][vc_column_text]<\/p>\n<p style=\"text-align: center;\"><span class=\"vcard numerovert\"><span class=\"fn\">Couleur Presqu&rsquo;iles<\/span><span class=\"tel\"><span class=\"type\"><abbr title=\"Besoin d'un devis gratuit ? Toute notre \u00e9quipe est \u00e0 votre disposition.\">T\u00e9l.<\/abbr><\/span><span class=\"value\"><a>06 60 02 34 80<\/a><\/span><\/span><\/span><\/p>\n<p>[\/vc_column_text][\/vc_column_inner][vc_column_inner width=\u00a0\u00bb1\/4&Prime;][vc_column_text]<\/p>\n<p style=\"text-align: center;\"><span class=\"vcard numerovert\"><span class=\"fn\">Couleur Presqu&rsquo;iles<\/span><span class=\"tel\"><span class=\"type\"><abbr title=\"Besoin d'un devis gratuit ? Toute notre \u00e9quipe est \u00e0 votre disposition.\">T\u00e9l.<\/abbr><\/span><span class=\"value\"><a>05 46 82 07 03<\/a><\/span><\/span><\/span><\/p>\n<p>[\/vc_column_text][\/vc_column_inner][vc_column_inner width=\u00a0\u00bb1\/4&Prime;][\/vc_column_inner][\/vc_row_inner][\/vc_column][\/vc_row][vc_row full_width=\u00a0\u00bbstretch_row\u00a0\u00bb content_placement=\u00a0\u00bbmiddle\u00a0\u00bb background_color=\u00a0\u00bbcustom\u00a0\u00bb lg_spacing=\u00a0\u00bbpadding_top:55;padding_bottom:55&Prime; custom_background_color=\u00a0\u00bb#e8e8e8&Prime;][vc_column width=\u00a0\u00bb2\/3&Prime;][tm_heading custom_google_font=\u00a0\u00bb\u00a0\u00bb text_color=\u00a0\u00bbsecondary\u00a0\u00bb text=\u00a0\u00bbUn projet de ravalement sur-mesure ?\u00a0\u00bb font_size=\u00a0\u00bblg:36&Prime; xs_spacing=\u00a0\u00bbmargin_bottom:20&Prime;][\/vc_column][vc_column width=\u00a0\u00bb1\/3&Prime;][tm_button icon_align=\u00a0\u00bbleft\u00a0\u00bb align=\u00a0\u00bbright\u00a0\u00bb xs_align=\u00a0\u00bbleft\u00a0\u00bb icon_type=\u00a0\u00bbfontawesome\u00a0\u00bb icon_fontawesome=\u00a0\u00bbfab fa-wpforms\u00a0\u00bb color=\u00a0\u00bbcustom\u00a0\u00bb button_bg_color=\u00a0\u00bbcustom\u00a0\u00bb font_color=\u00a0\u00bbcustom\u00a0\u00bb button_border_color=\u00a0\u00bbcustom\u00a0\u00bb button_icon_color=\u00a0\u00bbcustom\u00a0\u00bb button_bg_color_hover=\u00a0\u00bbcustom\u00a0\u00bb font_color_hover=\u00a0\u00bbcustom\u00a0\u00bb button_border_color_hover=\u00a0\u00bbcustom\u00a0\u00bb button_icon_color_hover=\u00a0\u00bbcustom\u00a0\u00bb button=\u00a0\u00bburl:https%3A%2F%2Fcouleur-presquiles.fr%2F%3Fpage_id%3D1025|title:CONTACTEZ-NOUS\u00a0\u00bb custom_button_bg_color=\u00a0\u00bb#f8aa00&Prime; custom_font_color=\u00a0\u00bb#ffffff\u00a0\u00bb custom_button_border_color=\u00a0\u00bb#f8aa00&Prime; custom_button_icon_color=\u00a0\u00bb#ffffff\u00a0\u00bb custom_button_bg_color_hover=\u00a0\u00bb#ffffff\u00a0\u00bb custom_font_color_hover=\u00a0\u00bb#f8aa00&Prime; custom_button_border_color_hover=\u00a0\u00bb#f8aa00&Prime; custom_button_icon_color_hover=\u00a0\u00bb#f8aa00&Prime;][\/vc_column][\/vc_row]<\/p>\n","protected":false},"excerpt":{"rendered":"<p>[vc_row full_width=\u00a0\u00bbstretch_row\u00a0\u00bb background_color=\u00a0\u00bbcustom\u00a0\u00bb lg_spacing=\u00a0\u00bbmargin_bottom:30;padding_top:30&Prime; custom_background_color=\u00a0\u00bb#fbf7ee\u00a0\u00bb][vc_column width=\u00a0\u00bb1\/2&Prime;][vc_text_separator title=\u00a0\u00bbRavalement de fa\u00e7ade\u00a0\u00bb i_type=\u00a0\u00bbmaterial\u00a0\u00bb i_icon_material=\u00a0\u00bbvc-material vc-material-home\u00a0\u00bb i_color=\u00a0\u00bbwhite\u00a0\u00bb i_background_style=\u00a0\u00bbrounded\u00a0\u00bb i_background_color=\u00a0\u00bbcustom\u00a0\u00bb i_size=\u00a0\u00bbxs\u00a0\u00bb title_align=\u00a0\u00bbseparator_align_left\u00a0\u00bb color=\u00a0\u00bbcustom\u00a0\u00bb add_icon=\u00a0\u00bbtrue\u00a0\u00bb i_custom_background_color=\u00a0\u00bb#004d71&Prime; css=\u00a0\u00bb.vc_custom_1613754370290{margin-bottom: 20px !important;}\u00a0\u00bb accent_color=\u00a0\u00bb#f8aa00&Prime;][vc_column_text] \u00c0 Saint-Laurent-de-la-Pr\u00e9e, en Charente-Maritime, la soci\u00e9t\u00e9 Couleur Presqu&rsquo;Iles est sp\u00e9cialis\u00e9e dans les travaux de ravalement de fa\u00e7ade. Nous nous mettons au service des professionnels et des particuliers pour r\u00e9aliser divers travaux de ravalement de fa\u00e7ades allant de la peinture d\u00e9corative ext\u00e9rieure aux syst\u00e8me d&rsquo;imperm\u00e9abilit\u00e9. Nous pouvons vous conseiller \u00e9galement sur l&rsquo;entretien de votre fa\u00e7ade et le traitement de vos toitures. Couleur Presqu\u2019Iles reste \u00e0 votre disposition pour tous renseignements compl\u00e9mentaires sur notre gamme de services. Nous contacter en cliquant ici. [\/vc_column_text][tm_spacer size=\u00a0\u00bblg:20&Prime;][\/vc_column][vc_column width=\u00a0\u00bb1\/2&Prime;][tm_slider style=\u00a0\u00bb4&Prime; image_size=\u00a0\u00bbfull\u00a0\u00bb nav=\u00a0\u00bb1&Prime; pagination=\u00a0\u00bb1&Prime; gutter=\u00a0\u00bb30&Prime; fw_image=\u00a0\u00bb1&Prime; items=\u00a0\u00bb%5B%7B%22image%22%3A%224358%22%7D%2C%7B%22image%22%3A%224359%22%7D%2C%7B%22image%22%3A%224360%22%7D%2C%7B%22image%22%3A%224361%22%7D%5D\u00a0\u00bb auto_play=\u00a0\u00bb2000&Prime;][\/vc_column][\/vc_row][vc_row full_width=\u00a0\u00bbstretch_row\u00a0\u00bb background_color=\u00a0\u00bbcustom\u00a0\u00bb lg_spacing=\u00a0\u00bbmargin_bottom:40&Prime; custom_background_color=\u00a0\u00bb#fbf7ee\u00a0\u00bb][vc_column][vc_row_inner][vc_column_inner width=\u00a0\u00bb1\/3&Prime;][tm_heading custom_google_font=\u00a0\u00bb\u00a0\u00bb align=\u00a0\u00bbcenter\u00a0\u00bb text_color=\u00a0\u00bbcustom\u00a0\u00bb custom_text_color=\u00a0\u00bb#ffffff\u00a0\u00bb text=\u00a0\u00bbR\u00e9alisations sur-mesure\u00a0\u00bb font_size=\u00a0\u00bblg:20&Prime; css=\u00a0\u00bb.vc_custom_1613675497785{margin-bottom: 20px !important;padding-top: 5px !important;padding-bottom: 5px !important;background-color: #004d71 !important;}\u00a0\u00bb][tm_list list_style=\u00a0\u00bbcheck\u00a0\u00bb marker_background_color=\u00a0\u00bbcustom\u00a0\u00bb custom_marker_background_color=\u00a0\u00bb\u00a0\u00bb columns=\u00a0\u00bbxs:1;lg:1&Prime; items=\u00a0\u00bb%5B%7B%22item_title%22%3A%22Ravalement%20de%20fa%C3%A7ades%22%2C%22icon%22%3A%22ion-android-arrow-dropright%22%7D%2C%7B%22item_title%22%3A%22Travaux%20de%20peinture%20ext%C3%A9rieure%22%2C%22icon%22%3A%22ion-android-arrow-dropright%22%7D%2C%7B%22item_title%22%3A%22%20Peinture%20d%E2%80%99%C3%A9tanch%C3%A9it%C3%A9%22%2C%22icon%22%3A%22ion-android-arrow-dropright%22%7D%2C%7B%22item_title%22%3A%22Mise%20en%20peinture%20des%20fa%C3%A7ades%22%2C%22icon%22%3A%22ion-android-arrow-dropright%22%7D%2C%7B%22item_title%22%3A%22%20%C3%89tanch%C3%A9it%C3%A9%20de%20fa%C3%A7ades%22%2C%22icon%22%3A%22ion-android-arrow-dropright%22%7D%2C%7B%22item_title%22%3A%22Traitement%20antimousse%22%2C%22icon%22%3A%22ion-android-arrow-dropright%22%7D%2C%7B%22item_number%22%3A%22Rebouchage%20des%20fissures%22%2C%22item_title%22%3A%22Traitement%20antimousse%22%2C%22icon%22%3A%22ion-android-arrow-dropright%22%7D%5D\u00a0\u00bb heading_font_size=\u00a0\u00bblg:16&Prime; lg_spacing=\u00a0\u00bbborder_bottom:1&Prime;][\/vc_column_inner][vc_column_inner width=\u00a0\u00bb1\/3&Prime; custom_border_color=\u00a0\u00bb#dcddde\u00a0\u00bb lg_spacing=\u00a0\u00bbborder_top:2;border_right:2;border_bottom:2;border_left:2&Prime;][vc_cta h2=\u00a0\u00bbConseils personnalis\u00e9s\u00a0\u00bb h4=\u00a0\u00bbParticulier et professionnel\u00a0\u00bb color=\u00a0\u00bbblack\u00a0\u00bb add_button=\u00a0\u00bbbottom\u00a0\u00bb btn_title=\u00a0\u00bbCONTACTEZ-NOUS\u00a0\u00bb btn_color=\u00a0\u00bbwarning\u00a0\u00bb btn_i_icon_fontawesome=\u00a0\u00bbfar fa-edit\u00a0\u00bb btn_add_icon=\u00a0\u00bbtrue\u00a0\u00bb btn_link=\u00a0\u00bburl:https%3A%2F%2Fcouleur-presquiles.fr%2F%3Fpage_id%3D1025|title:DEVIS%20GRATUIT\u00a0\u00bb]L&rsquo;entreprise Couleur Presqu\u2019Iles reste \u00e0 votre disposition pour tous renseignements compl\u00e9mentaires sur notre gamme de services.[\/vc_cta][\/vc_column_inner][vc_column_inner width=\u00a0\u00bb1\/3&Prime;][tm_heading custom_google_font=\u00a0\u00bb\u00a0\u00bb align=\u00a0\u00bbcenter\u00a0\u00bb text_color=\u00a0\u00bbcustom\u00a0\u00bb custom_text_color=\u00a0\u00bb#ffffff\u00a0\u00bb text=\u00a0\u00bbServices +\u00a0\u00bb font_size=\u00a0\u00bblg:20&Prime; css=\u00a0\u00bb.vc_custom_1613675504387{margin-bottom: 20px !important;padding-top: 5px !important;padding-bottom: 5px !important;background-color: #004d71 !important;}\u00a0\u00bb][tm_list list_style=\u00a0\u00bbcheck\u00a0\u00bb marker_background_color=\u00a0\u00bbcustom\u00a0\u00bb custom_marker_background_color=\u00a0\u00bb\u00a0\u00bb columns=\u00a0\u00bbxs:1;lg:1&Prime; items=\u00a0\u00bb%5B%7B%22item_title%22%3A%22Design%20soign%C3%A9%22%2C%22icon%22%3A%22ion-android-arrow-dropright%22%7D%2C%7B%22item_title%22%3A%22Conseils%20personnalis%C3%A9s%22%2C%22icon%22%3A%22ion-android-arrow-dropright%22%7D%2C%7B%22item_title%22%3A%22Garantie%20d%C3%A9cennale%22%2C%22icon%22%3A%22ion-android-arrow-dropright%22%7D%2C%7B%22item_title%22%3A%22Optimisation%20de%20l%E2%80%99agencement%22%2C%22icon%22%3A%22ion-android-arrow-dropright%22%7D%2C%7B%22item_title%22%3A%22%C3%89CO%20Artisan%22%2C%22icon%22%3A%22ion-android-arrow-dropright%22%7D%2C%7B%22item_title%22%3A%22Particulier%20et%20professionnel%22%2C%22icon%22%3A%22ion-android-arrow-dropright%22%7D%2C%7B%22item_title%22%3A%22Devis%20gratuit%22%2C%22icon%22%3A%22ion-android-arrow-dropright%22%7D%5D\u00a0\u00bb heading_font_size=\u00a0\u00bblg:16&Prime; lg_spacing=\u00a0\u00bbborder_bottom:1&Prime;][\/vc_column_inner][\/vc_row_inner][\/vc_column][\/vc_row][vc_row full_width=\u00a0\u00bbstretch_row_content\u00a0\u00bb background_color=\u00a0\u00bbcustom\u00a0\u00bb custom_background_color=\u00a0\u00bb#fbf7ee\u00a0\u00bb lg_spacing=\u00a0\u00bbpadding_top:20;padding_bottom:20&Prime;][vc_column][tm_heading custom_google_font=\u00a0\u00bb1&Prime; google_fonts=\u00a0\u00bbfont_family:Merriweather%3A300%2C300italic%2Cregular%2Citalic%2C700%2C700italic%2C900%2C900italic|font_style:700%20bold%20regular%3A700%3Anormal\u00a0\u00bb align=\u00a0\u00bbcenter\u00a0\u00bb text_color=\u00a0\u00bbprimary\u00a0\u00bb animation=\u00a0\u00bbnone\u00a0\u00bb text=\u00a0\u00bbNOUS CONTACTER\u00a0\u00bb font_size=\u00a0\u00bbsm:15;md:15;lg:20&Prime; css=\u00a0\u00bb.vc_custom_1583170553590{padding-top: 7px !important;}\u00a0\u00bb][vc_row_inner][vc_column_inner width=\u00a0\u00bb1\/4&Prime;][\/vc_column_inner][vc_column_inner width=\u00a0\u00bb1\/4&Prime;][vc_column_text] Couleur Presqu&rsquo;ilesT\u00e9l.06 60 02 34 80 [\/vc_column_text][\/vc_column_inner][vc_column_inner width=\u00a0\u00bb1\/4&Prime;][vc_column_text] Couleur Presqu&rsquo;ilesT\u00e9l.05 46 82 07 03 [\/vc_column_text][\/vc_column_inner][vc_column_inner width=\u00a0\u00bb1\/4&Prime;][\/vc_column_inner][\/vc_row_inner][\/vc_column][\/vc_row][vc_row full_width=\u00a0\u00bbstretch_row\u00a0\u00bb content_placement=\u00a0\u00bbmiddle\u00a0\u00bb background_color=\u00a0\u00bbcustom\u00a0\u00bb lg_spacing=\u00a0\u00bbpadding_top:55;padding_bottom:55&Prime; custom_background_color=\u00a0\u00bb#e8e8e8&Prime;][vc_column width=\u00a0\u00bb2\/3&Prime;][tm_heading custom_google_font=\u00a0\u00bb\u00a0\u00bb text_color=\u00a0\u00bbsecondary\u00a0\u00bb text=\u00a0\u00bbUn projet de ravalement sur-mesure ?\u00a0\u00bb font_size=\u00a0\u00bblg:36&Prime; xs_spacing=\u00a0\u00bbmargin_bottom:20&Prime;][\/vc_column][vc_column width=\u00a0\u00bb1\/3&Prime;][tm_button icon_align=\u00a0\u00bbleft\u00a0\u00bb align=\u00a0\u00bbright\u00a0\u00bb xs_align=\u00a0\u00bbleft\u00a0\u00bb icon_type=\u00a0\u00bbfontawesome\u00a0\u00bb icon_fontawesome=\u00a0\u00bbfab fa-wpforms\u00a0\u00bb color=\u00a0\u00bbcustom\u00a0\u00bb button_bg_color=\u00a0\u00bbcustom\u00a0\u00bb font_color=\u00a0\u00bbcustom\u00a0\u00bb button_border_color=\u00a0\u00bbcustom\u00a0\u00bb button_icon_color=\u00a0\u00bbcustom\u00a0\u00bb button_bg_color_hover=\u00a0\u00bbcustom\u00a0\u00bb font_color_hover=\u00a0\u00bbcustom\u00a0\u00bb button_border_color_hover=\u00a0\u00bbcustom\u00a0\u00bb button_icon_color_hover=\u00a0\u00bbcustom\u00a0\u00bb button=\u00a0\u00bburl:https%3A%2F%2Fcouleur-presquiles.fr%2F%3Fpage_id%3D1025|title:CONTACTEZ-NOUS\u00a0\u00bb custom_button_bg_color=\u00a0\u00bb#f8aa00&Prime; custom_font_color=\u00a0\u00bb#ffffff\u00a0\u00bb custom_button_border_color=\u00a0\u00bb#f8aa00&Prime; custom_button_icon_color=\u00a0\u00bb#ffffff\u00a0\u00bb custom_button_bg_color_hover=\u00a0\u00bb#ffffff\u00a0\u00bb custom_font_color_hover=\u00a0\u00bb#f8aa00&Prime; custom_button_border_color_hover=\u00a0\u00bb#f8aa00&Prime; custom_button_icon_color_hover=\u00a0\u00bb#f8aa00&Prime;][\/vc_column][\/vc_row]<\/p>\n","protected":false},"author":1,"featured_media":0,"parent":0,"menu_order":0,"comment_status":"closed","ping_status":"closed","template":"","meta":{"footnotes":""},"class_list":["post-3042","page","type-page","status-publish","hentry"],"_links":{"self":[{"href":"https:\/\/couleur-presquiles.fr\/index.php?rest_route=\/wp\/v2\/pages\/3042","targetHints":{"allow":["GET"]}}],"collection":[{"href":"https:\/\/couleur-presquiles.fr\/index.php?rest_route=\/wp\/v2\/pages"}],"about":[{"href":"https:\/\/couleur-presquiles.fr\/index.php?rest_route=\/wp\/v2\/types\/page"}],"author":[{"embeddable":true,"href":"https:\/\/couleur-presquiles.fr\/index.php?rest_route=\/wp\/v2\/users\/1"}],"replies":[{"embeddable":true,"href":"https:\/\/couleur-presquiles.fr\/index.php?rest_route=%2Fwp%2Fv2%2Fcomments&post=3042"}],"version-history":[{"count":9,"href":"https:\/\/couleur-presquiles.fr\/index.php?rest_route=\/wp\/v2\/pages\/3042\/revisions"}],"predecessor-version":[{"id":4440,"href":"https:\/\/couleur-presquiles.fr\/index.php?rest_route=\/wp\/v2\/pages\/3042\/revisions\/4440"}],"wp:attachment":[{"href":"https:\/\/couleur-presquiles.fr\/index.php?rest_route=%2Fwp%2Fv2%2Fmedia&parent=3042"}],"curies":[{"name":"wp","href":"https:\/\/api.w.org\/{rel}","templated":true}]}}